{"id":12641,"date":"2019-08-03T11:16:31","date_gmt":"2019-08-03T14:16:31","guid":{"rendered":"https:\/\/dilmarames.com\/consultoria\/"},"modified":"2023-04-09T19:35:11","modified_gmt":"2023-04-09T22:35:11","slug":"consultoria","status":"publish","type":"page","link":"https:\/\/dilmarames.com\/es\/consultoria\/","title":{"rendered":"Consultor\u00eda"},"content":{"rendered":"<section class=\"l-section wpb_row intro-home height_large\"><div class=\"l-section-h i-cf\"><div class=\"g-cols vc_row via_grid cols_3-1 laptops-cols_inherit tablets-cols_inherit mobiles-cols_1 valign_top type_default stacking_default\"><div class=\"wpb_column vc_column_container\"><div class=\"vc_column-inner\"><h1 class=\"w-text us_custom_6df4bc3a has_text_color\"><span class=\"w-text-h\"><span class=\"w-text-value\">Consultor\u00eda SEO y anal\u00edtica<\/span><\/span><\/h1><div class=\"wpb_text_column us_custom_40d1cf6d tabs-home has_text_color\"><div class=\"wpb_wrapper\"><p>En esta secci\u00f3n se explican mis servicios.<\/p>\n<p>Eventualmente puedo comprometerme con un cliente en un paquete diferente a los que se enumeran a continuaci\u00f3n. Si no ha encontrado un plan que se adapte a sus necesidades, <a href=\"https:\/\/dilmarames.com\/es\/pongase-en-contacto-con\/\">p\u00f3ngase en contacto con <i class=\"far fa-long-arrow-right\"><\/i><\/a><\/p>\n<\/div><\/div><\/div><\/div><div class=\"wpb_column vc_column_container\"><div class=\"vc_column-inner\"><\/div><\/div><\/div><\/div><\/section><section class=\"l-section wpb_row height_large\"><div class=\"l-section-h i-cf\"><div class=\"g-cols vc_row via_grid cols_1-3 laptops-cols_inherit tablets-cols_inherit mobiles-cols_1 valign_top type_default stacking_default\"><div class=\"wpb_column vc_column_container type_sticky\"><div class=\"vc_column-inner\"><div class=\"w-text us_custom_6da1331b\"><span class=\"w-text-h\"><span class=\"w-text-value\">Soluciones<\/span><\/span><\/div><\/div><\/div><div class=\"wpb_column vc_column_container\"><div class=\"vc_column-inner\"><div class=\"wpb_text_column us_custom_3455eb9a conteudo-post\"><div class=\"wpb_wrapper\"><h3>Consultor\u00eda completa<\/h3>\n<ul>\n<li>Consultor\u00eda SEO + Anal\u00edtica (desde \u20ac2,500\/mes)<\/li>\n<\/ul>\n<h3>Asesoramiento puntual<\/h3>\n<ul>\n<li><a href=\"https:\/\/dilmarames.com\/es\/consultoria-seo\/\">Consultor\u00eda SEO<\/a> (desde \u20ac1.500\/mes)<\/li>\n<li><a href=\"https:\/\/dilmarames.com\/es\/consultoria-analitica\/\">Consultor\u00eda anal\u00edtica<\/a> (desde \u20ac1,500\/mes)<\/li>\n<\/ul>\n<h3>Servicios<\/h3>\n<ul>\n<li>Auditor\u00eda SEO (\u20ac1,000)<\/li>\n<li>Auditor\u00eda de Google Analytics (\u20ac1,000)<\/li>\n<li>Auditor\u00eda GTM (\u20ac1,000)<\/li>\n<li>Servicio \u00fanico (\u20ac750)<\/li>\n<\/ul>\n<\/div><\/div><\/div><\/div><\/div><\/div><\/section><section class=\"l-section wpb_row height_large\"><div class=\"l-section-h i-cf\"><div class=\"g-cols vc_row via_grid cols_2-3 laptops-cols_inherit tablets-cols_inherit mobiles-cols_1 valign_top type_default stacking_default\"><div class=\"wpb_column vc_column_container\"><div class=\"vc_column-inner\"><div class=\"w-image align_center\"><div class=\"w-image-h\"><img decoding=\"async\" width=\"678\" height=\"441\" src=\"https:\/\/dilmarames.com\/wp-content\/uploads\/2020\/05\/search-engine-optimization-1-678x441.png\" class=\"attachment-large size-large\" alt=\"\" loading=\"lazy\" srcset=\"https:\/\/dilmarames.com\/wp-content\/uploads\/2020\/05\/search-engine-optimization-1-678x441.png 678w, https:\/\/dilmarames.com\/wp-content\/uploads\/2020\/05\/search-engine-optimization-1-300x195.png 300w, https:\/\/dilmarames.com\/wp-content\/uploads\/2020\/05\/search-engine-optimization-1-840x547.png 840w, https:\/\/dilmarames.com\/wp-content\/uploads\/2020\/05\/search-engine-optimization-1.png 862w\" sizes=\"auto, (max-width: 678px) 100vw, 678px\" \/><\/div><\/div><\/div><\/div><div class=\"wpb_column vc_column_container\"><div class=\"vc_column-inner\"><h2 class=\"w-text\"><span class=\"w-text-h\"><span class=\"w-text-value\">Consultor\u00eda SEO<\/span><\/span><\/h2><div class=\"wpb_text_column us_custom_3455eb9a\"><div class=\"wpb_wrapper\"><p>Una buena estrategia SEO incorpora aspectos t\u00e9cnicos, contenido y contexto para que su empresa sea m\u00e1s reconocible y valiosa para sus clientes.<\/p>\n<p>Este enfoque hol\u00edstico del SEO no s\u00f3lo busca m\u00e9tricas y cantidad de backlinks. Lo que importa es la mayor visibilidad de la marca y el impacto mensurable en los resultados empresariales.<\/p>\n<\/div><\/div><div class=\"w-btn-wrapper align_none\"><a class=\"w-btn us-btn-style_6 icon_atright\" href=\"https:\/\/dilmarames.mystagingwebsite.com\/es\/consultoria-seo\/\"><span class=\"w-btn-label\">M\u00e1s informaci\u00f3n<\/span><i class=\"far fa-long-arrow-right\"><\/i><\/a><\/div><\/div><\/div><\/div><\/div><\/section><section class=\"l-section wpb_row height_large\"><div class=\"l-section-h i-cf\"><div class=\"g-cols vc_row via_grid cols_3-2 laptops-cols_inherit tablets-cols_inherit mobiles-cols_1 valign_top type_default reversed stacking_default\"><div class=\"wpb_column vc_column_container clientes-home\"><div class=\"vc_column-inner\"><h2 class=\"w-text\"><span class=\"w-text-h\"><span class=\"w-text-value\">Consultor\u00eda anal\u00edtica<\/span><\/span><\/h2><div class=\"wpb_text_column us_custom_3455eb9a\"><div class=\"wpb_wrapper\"><p>Los datos son ahora el motor de casi todas las decisiones empresariales. Los datos arrojan luz sobre las oportunidades y ayudan a las marcas a evitar errores.<\/p>\n<p>Obtener datos no es el problema. El problema es qu\u00e9 ocurre con los datos una vez recogidos. \u00bfQu\u00e9 significan? E incluso si sabes lo que significan, \u00bfqu\u00e9 haces con los datos que recopilas?<\/p>\n<\/div><\/div><div class=\"w-btn-wrapper align_none\"><a class=\"w-btn us-btn-style_6 icon_atright\" href=\"https:\/\/dilmarames.mystagingwebsite.com\/es\/consultoria-analitica\/\"><span class=\"w-btn-label\">M\u00e1s informaci\u00f3n<\/span><i class=\"far fa-long-arrow-right\"><\/i><\/a><\/div><\/div><\/div><div class=\"wpb_column vc_column_container\"><div class=\"vc_column-inner\"><div class=\"w-image align_center\"><div class=\"w-image-h\"><img decoding=\"async\" width=\"677\" height=\"441\" src=\"https:\/\/dilmarames.com\/wp-content\/uploads\/2020\/05\/web-analytics-1-677x441.png\" class=\"attachment-large size-large\" alt=\"\" loading=\"lazy\" srcset=\"https:\/\/dilmarames.com\/wp-content\/uploads\/2020\/05\/web-analytics-1-677x441.png 677w, https:\/\/dilmarames.com\/wp-content\/uploads\/2020\/05\/web-analytics-1-300x195.png 300w, https:\/\/dilmarames.com\/wp-content\/uploads\/2020\/05\/web-analytics-1-840x547.png 840w, https:\/\/dilmarames.com\/wp-content\/uploads\/2020\/05\/web-analytics-1.png 861w\" sizes=\"auto, (max-width: 677px) 100vw, 677px\" \/><\/div><\/div><\/div><\/div><\/div><\/div><\/section><section class=\"l-section wpb_row intro-home height_large\"><div class=\"l-section-h i-cf\"><div class=\"g-cols vc_row via_grid cols_custom laptops-cols_inherit tablets-cols_inherit mobiles-cols_1 valign_bottom type_default stacking_default\" style=\"--custom-columns:1fr 4fr 1fr \"><div class=\"wpb_column vc_column_container\"><div class=\"vc_column-inner\"><\/div><\/div><div class=\"wpb_column vc_column_container\"><div class=\"vc_column-inner\"><div class=\"wpb_text_column us_custom_71dc6b44 has_text_color\"><div class=\"wpb_wrapper\"><p>\u00bfBusca una soluci\u00f3n que aporte resultados a su empresa?<\/p>\n<\/div><\/div><div class=\"w-btn-wrapper align_none\"><a class=\"w-btn us-btn-style_1 icon_atright\" href=\"https:\/\/dilmarames.mystagingwebsite.com\/es\/pongase-en-contacto-con\/\"><span class=\"w-btn-label\">Hablemos<\/span><i class=\"far fa-long-arrow-right\"><\/i><\/a><\/div><\/div><\/div><div class=\"wpb_column vc_column_container\"><div class=\"vc_column-inner\"><\/div><\/div><\/div><\/div><\/section><section class=\"l-section wpb_row height_small\"><div class=\"l-section-h i-cf\"><div class=\"g-cols vc_row via_grid cols_1 laptops-cols_inherit tablets-cols_inherit mobiles-cols_1 valign_middle type_default stacking_default\"><div class=\"wpb_column vc_column_container\"><div class=\"vc_column-inner\"><div class=\"w-html conteudo-post\"><span><span><a href=\"https:\/\/dilmarames.com\/es\/\">Home<\/a><\/span><\/span><\/div><\/div><\/div><\/div><\/div><\/section>\n","protected":false},"excerpt":{"rendered":"","protected":false},"author":3,"featured_media":0,"parent":0,"menu_order":3,"comment_status":"closed","ping_status":"closed","template":"","meta":{"footnotes":""},"class_list":["post-12641","page","type-page","status-publish","hentry"],"yoast_head":"<!-- This site is optimized with the Yoast SEO Premium plugin v25.1 (Yoast SEO v27.5) - https:\/\/yoast.com\/product\/yoast-seo-premium-wordpress\/ -->\n<title>Soluciones de marketing digital &#8226; Dilmar Ames%<\/title>\n<meta name=\"description\" content=\"Soluciones de Marketing Digital para profesionales, empresas y agencias que deseen ampliar su cartera de servicios. SEO, anal\u00edtica y WordPress.\" \/>\n<meta name=\"robots\" content=\"index, follow, max-snippet:-1, max-image-preview:large, max-video-preview:-1\" \/>\n<link rel=\"canonical\" href=\"https:\/\/dilmarames.com\/es\/consultoria\/\" \/>\n<meta property=\"og:locale\" content=\"es_ES\" \/>\n<meta property=\"og:type\" content=\"article\" \/>\n<meta property=\"og:title\" content=\"Consultor\u00eda\" \/>\n<meta property=\"og:description\" content=\"Soluciones de Marketing Digital para profesionales, empresas y agencias que deseen ampliar su cartera de servicios. SEO, anal\u00edtica y WordPress.\" \/>\n<meta property=\"og:url\" content=\"https:\/\/dilmarames.com\/es\/consultoria\/\" \/>\n<meta property=\"og:site_name\" content=\"Dilmar Ames\" \/>\n<meta property=\"article:modified_time\" content=\"2023-04-09T22:35:11+00:00\" \/>\n<meta property=\"og:image\" content=\"https:\/\/dilmarames.com\/wp-content\/uploads\/2020\/05\/compartilhamento-dilmar-ames.png\" \/>\n<meta name=\"twitter:card\" content=\"summary_large_image\" \/>\n<meta name=\"twitter:site\" content=\"@dilmarames\" \/>\n<meta name=\"twitter:label1\" content=\"Tiempo de lectura\" \/>\n\t<meta name=\"twitter:data1\" content=\"3 minutos\" \/>\n<script type=\"application\/ld+json\" class=\"yoast-schema-graph\">{\"@context\":\"https:\\\/\\\/schema.org\",\"@graph\":[{\"@type\":\"WebPage\",\"@id\":\"https:\\\/\\\/dilmarames.com\\\/es\\\/consultoria\\\/\",\"url\":\"https:\\\/\\\/dilmarames.com\\\/es\\\/consultoria\\\/\",\"name\":\"Soluciones de marketing digital &#8226; Dilmar Ames%\",\"isPartOf\":{\"@id\":\"https:\\\/\\\/dilmarames.com\\\/es\\\/#website\"},\"datePublished\":\"2019-08-03T14:16:31+00:00\",\"dateModified\":\"2023-04-09T22:35:11+00:00\",\"description\":\"Soluciones de Marketing Digital para profesionales, empresas y agencias que deseen ampliar su cartera de servicios. SEO, anal\u00edtica y WordPress.\",\"breadcrumb\":{\"@id\":\"https:\\\/\\\/dilmarames.com\\\/es\\\/consultoria\\\/#breadcrumb\"},\"inLanguage\":\"es\",\"potentialAction\":[{\"@type\":\"ReadAction\",\"target\":[\"https:\\\/\\\/dilmarames.com\\\/es\\\/consultoria\\\/\"]}]},{\"@type\":\"BreadcrumbList\",\"@id\":\"https:\\\/\\\/dilmarames.com\\\/es\\\/consultoria\\\/#breadcrumb\",\"itemListElement\":[{\"@type\":\"ListItem\",\"position\":1,\"name\":\"Home\",\"item\":\"https:\\\/\\\/dilmarames.com\\\/es\\\/\"},{\"@type\":\"ListItem\",\"position\":2,\"name\":\"Consultor\u00eda\"}]},{\"@type\":\"WebSite\",\"@id\":\"https:\\\/\\\/dilmarames.com\\\/es\\\/#website\",\"url\":\"https:\\\/\\\/dilmarames.com\\\/es\\\/\",\"name\":\"Dilmar Ames\",\"description\":\"Consultoria de SEO &amp; Analytics\",\"publisher\":{\"@id\":\"https:\\\/\\\/dilmarames.com\\\/es\\\/#organization\"},\"potentialAction\":[{\"@type\":\"SearchAction\",\"target\":{\"@type\":\"EntryPoint\",\"urlTemplate\":\"https:\\\/\\\/dilmarames.com\\\/es\\\/?s={search_term_string}\"},\"query-input\":{\"@type\":\"PropertyValueSpecification\",\"valueRequired\":true,\"valueName\":\"search_term_string\"}}],\"inLanguage\":\"es\"},{\"@type\":\"Organization\",\"@id\":\"https:\\\/\\\/dilmarames.com\\\/es\\\/#organization\",\"name\":\"Dilmar Ames\",\"alternateName\":\"Ames Digital\",\"url\":\"https:\\\/\\\/dilmarames.com\\\/es\\\/\",\"logo\":{\"@type\":\"ImageObject\",\"inLanguage\":\"es\",\"@id\":\"https:\\\/\\\/dilmarames.com\\\/es\\\/#\\\/schema\\\/logo\\\/image\\\/\",\"url\":\"https:\\\/\\\/dilmarames.com\\\/wp-content\\\/uploads\\\/2020\\\/05\\\/cropped-logo-dilmar-ames-blue-183x41-1.png\",\"contentUrl\":\"https:\\\/\\\/dilmarames.com\\\/wp-content\\\/uploads\\\/2020\\\/05\\\/cropped-logo-dilmar-ames-blue-183x41-1.png\",\"width\":183,\"height\":41,\"caption\":\"Dilmar Ames\"},\"image\":{\"@id\":\"https:\\\/\\\/dilmarames.com\\\/es\\\/#\\\/schema\\\/logo\\\/image\\\/\"},\"sameAs\":[\"https:\\\/\\\/x.com\\\/dilmarames\",\"https:\\\/\\\/www.linkedin.com\\\/in\\\/DilmarAmes\\\/\"]}]}<\/script>\n<!-- \/ Yoast SEO Premium plugin. -->","yoast_head_json":{"title":"Soluciones de marketing digital &#8226; Dilmar Ames%","description":"Soluciones de Marketing Digital para profesionales, empresas y agencias que deseen ampliar su cartera de servicios. SEO, anal\u00edtica y WordPress.","robots":{"index":"index","follow":"follow","max-snippet":"max-snippet:-1","max-image-preview":"max-image-preview:large","max-video-preview":"max-video-preview:-1"},"canonical":"https:\/\/dilmarames.com\/es\/consultoria\/","og_locale":"es_ES","og_type":"article","og_title":"Consultor\u00eda","og_description":"Soluciones de Marketing Digital para profesionales, empresas y agencias que deseen ampliar su cartera de servicios. SEO, anal\u00edtica y WordPress.","og_url":"https:\/\/dilmarames.com\/es\/consultoria\/","og_site_name":"Dilmar Ames","article_modified_time":"2023-04-09T22:35:11+00:00","og_image":[{"url":"https:\/\/dilmarames.com\/wp-content\/uploads\/2020\/05\/compartilhamento-dilmar-ames.png","type":"","width":"","height":""}],"twitter_card":"summary_large_image","twitter_site":"@dilmarames","twitter_misc":{"Tiempo de lectura":"3 minutos"},"schema":{"@context":"https:\/\/schema.org","@graph":[{"@type":"WebPage","@id":"https:\/\/dilmarames.com\/es\/consultoria\/","url":"https:\/\/dilmarames.com\/es\/consultoria\/","name":"Soluciones de marketing digital &#8226; Dilmar Ames%","isPartOf":{"@id":"https:\/\/dilmarames.com\/es\/#website"},"datePublished":"2019-08-03T14:16:31+00:00","dateModified":"2023-04-09T22:35:11+00:00","description":"Soluciones de Marketing Digital para profesionales, empresas y agencias que deseen ampliar su cartera de servicios. SEO, anal\u00edtica y WordPress.","breadcrumb":{"@id":"https:\/\/dilmarames.com\/es\/consultoria\/#breadcrumb"},"inLanguage":"es","potentialAction":[{"@type":"ReadAction","target":["https:\/\/dilmarames.com\/es\/consultoria\/"]}]},{"@type":"BreadcrumbList","@id":"https:\/\/dilmarames.com\/es\/consultoria\/#breadcrumb","itemListElement":[{"@type":"ListItem","position":1,"name":"Home","item":"https:\/\/dilmarames.com\/es\/"},{"@type":"ListItem","position":2,"name":"Consultor\u00eda"}]},{"@type":"WebSite","@id":"https:\/\/dilmarames.com\/es\/#website","url":"https:\/\/dilmarames.com\/es\/","name":"Dilmar Ames","description":"Consultoria de SEO &amp; Analytics","publisher":{"@id":"https:\/\/dilmarames.com\/es\/#organization"},"potentialAction":[{"@type":"SearchAction","target":{"@type":"EntryPoint","urlTemplate":"https:\/\/dilmarames.com\/es\/?s={search_term_string}"},"query-input":{"@type":"PropertyValueSpecification","valueRequired":true,"valueName":"search_term_string"}}],"inLanguage":"es"},{"@type":"Organization","@id":"https:\/\/dilmarames.com\/es\/#organization","name":"Dilmar Ames","alternateName":"Ames Digital","url":"https:\/\/dilmarames.com\/es\/","logo":{"@type":"ImageObject","inLanguage":"es","@id":"https:\/\/dilmarames.com\/es\/#\/schema\/logo\/image\/","url":"https:\/\/dilmarames.com\/wp-content\/uploads\/2020\/05\/cropped-logo-dilmar-ames-blue-183x41-1.png","contentUrl":"https:\/\/dilmarames.com\/wp-content\/uploads\/2020\/05\/cropped-logo-dilmar-ames-blue-183x41-1.png","width":183,"height":41,"caption":"Dilmar Ames"},"image":{"@id":"https:\/\/dilmarames.com\/es\/#\/schema\/logo\/image\/"},"sameAs":["https:\/\/x.com\/dilmarames","https:\/\/www.linkedin.com\/in\/DilmarAmes\/"]}]}},"jetpack_sharing_enabled":true,"_links":{"self":[{"href":"https:\/\/dilmarames.com\/es\/wp-json\/wp\/v2\/pages\/12641","targetHints":{"allow":["GET"]}}],"collection":[{"href":"https:\/\/dilmarames.com\/es\/wp-json\/wp\/v2\/pages"}],"about":[{"href":"https:\/\/dilmarames.com\/es\/wp-json\/wp\/v2\/types\/page"}],"author":[{"embeddable":true,"href":"https:\/\/dilmarames.com\/es\/wp-json\/wp\/v2\/users\/3"}],"replies":[{"embeddable":true,"href":"https:\/\/dilmarames.com\/es\/wp-json\/wp\/v2\/comments?post=12641"}],"version-history":[{"count":0,"href":"https:\/\/dilmarames.com\/es\/wp-json\/wp\/v2\/pages\/12641\/revisions"}],"wp:attachment":[{"href":"https:\/\/dilmarames.com\/es\/wp-json\/wp\/v2\/media?parent=12641"}],"curies":[{"name":"wp","href":"https:\/\/api.w.org\/{rel}","templated":true}]}}