{"id":12613,"date":"2019-08-26T17:17:39","date_gmt":"2019-08-26T20:17:39","guid":{"rendered":"https:\/\/dilmarames.com\/consultoria-analitica\/"},"modified":"2023-04-08T22:10:45","modified_gmt":"2023-04-09T01:10:45","slug":"consultoria-analitica","status":"publish","type":"page","link":"https:\/\/dilmarames.com\/es\/consultoria-analitica\/","title":{"rendered":"Consultor\u00eda anal\u00edtica"},"content":{"rendered":"<section class=\"l-section wpb_row intro-home height_medium\"><div class=\"l-section-h i-cf\"><div class=\"g-cols vc_row via_grid cols_3-1 laptops-cols_inherit tablets-cols_inherit mobiles-cols_1 valign_top type_default stacking_default\"><div class=\"wpb_column vc_column_container us_custom_ec9218fc\"><div class=\"vc_column-inner\"><h1 class=\"w-text us_custom_6df4bc3a has_text_color\"><span class=\"w-text-h\"><span class=\"w-text-value\">Consultor\u00eda anal\u00edtica<\/span><\/span><\/h1><div class=\"wpb_text_column subtitulo-servicos\"><div class=\"wpb_wrapper\"><p>An\u00e1lisis del comportamiento de sus visitantes y encuestas de mejora para su sitio web, blog o tienda electr\u00f3nica.<\/p>\n<\/div><\/div><\/div><\/div><div class=\"wpb_column vc_column_container\"><div class=\"vc_column-inner\"><\/div><\/div><\/div><\/div><\/section><section class=\"l-section wpb_row height_medium\"><div class=\"l-section-h i-cf\"><div class=\"g-cols vc_row via_grid cols_3-2 laptops-cols_inherit tablets-cols_inherit mobiles-cols_1 valign_top type_default reversed stacking_default\"><div class=\"wpb_column vc_column_container\"><div class=\"vc_column-inner\"><h2 class=\"w-text\"><span class=\"w-text-h\"><span class=\"w-text-value\">Anal\u00edtica web<\/span><\/span><\/h2><div class=\"wpb_text_column subtitulo-paginas-conteudo\"><div class=\"wpb_wrapper\"><p>Las marcas recopilan m\u00e1s datos que nunca. Obtener datos no es el problema. El problema es qu\u00e9 ocurre con los datos una vez recogidos. \u00bfQu\u00e9 significan? E incluso si sabes lo que significan, \u00bfqu\u00e9 <strong>haces con los datos que recopilas?<\/strong><\/p>\n<p>No se trata de datos, sino de ideas. Y cuando las ideas se ocultan, se pierden oportunidades.<\/p>\n<p>Estoy aqu\u00ed para ayudarle a <strong>descubrir informaci\u00f3n<\/strong>, no s\u00f3lo para recopilar datos. Utilizaremos esta informaci\u00f3n para tomar decisiones estrat\u00e9gicas m\u00e1s inteligentes y <strong>generar m\u00e1s negocio<\/strong>.<\/p>\n<p>\u00bfC\u00f3mo voy a hacerlo? Recopilar contexto, no s\u00f3lo cifras. Bas\u00e1ndonos en la experiencia de su equipo sumada a mi experiencia como profesional del marketing, construiremos nuevas preguntas y nuevas perspectivas aportando pensamiento anal\u00edtico para dar algunas de las respuestas.<\/p>\n<\/div><\/div><\/div><\/div><div class=\"wpb_column vc_column_container\"><div class=\"vc_column-inner\"><div class=\"w-image align_none\"><div class=\"w-image-h\"><img decoding=\"async\" width=\"677\" height=\"441\" src=\"https:\/\/dilmarames.com\/wp-content\/uploads\/2020\/05\/web-analytics-1-677x441.png\" class=\"attachment-large size-large\" alt=\"\" loading=\"lazy\" srcset=\"https:\/\/dilmarames.com\/wp-content\/uploads\/2020\/05\/web-analytics-1-677x441.png 677w, https:\/\/dilmarames.com\/wp-content\/uploads\/2020\/05\/web-analytics-1-300x195.png 300w, https:\/\/dilmarames.com\/wp-content\/uploads\/2020\/05\/web-analytics-1-840x547.png 840w, https:\/\/dilmarames.com\/wp-content\/uploads\/2020\/05\/web-analytics-1.png 861w\" sizes=\"auto, (max-width: 677px) 100vw, 677px\" \/><\/div><\/div><\/div><\/div><\/div><\/div><\/section><section class=\"l-section wpb_row height_medium\"><div class=\"l-section-h i-cf\"><div class=\"g-cols vc_row via_grid cols_2-3 laptops-cols_inherit tablets-cols_inherit mobiles-cols_1 valign_top type_default stacking_default\"><div class=\"wpb_column vc_column_container\"><div class=\"vc_column-inner\"><div class=\"w-image align_none\"><div class=\"w-image-h\"><img decoding=\"async\" width=\"678\" height=\"441\" src=\"https:\/\/dilmarames.com\/wp-content\/uploads\/2020\/05\/user-experience-1-678x441.png\" class=\"attachment-large size-large\" alt=\"\" loading=\"lazy\" srcset=\"https:\/\/dilmarames.com\/wp-content\/uploads\/2020\/05\/user-experience-1-678x441.png 678w, https:\/\/dilmarames.com\/wp-content\/uploads\/2020\/05\/user-experience-1-300x195.png 300w, https:\/\/dilmarames.com\/wp-content\/uploads\/2020\/05\/user-experience-1-840x547.png 840w, https:\/\/dilmarames.com\/wp-content\/uploads\/2020\/05\/user-experience-1.png 862w\" sizes=\"auto, (max-width: 678px) 100vw, 678px\" \/><\/div><\/div><\/div><\/div><div class=\"wpb_column vc_column_container\"><div class=\"vc_column-inner\"><h2 class=\"w-text\"><span class=\"w-text-h\"><span class=\"w-text-value\">Experiencia del usuario (UX)<\/span><\/span><\/h2><div class=\"wpb_text_column subtitulo-paginas-conteudo\"><div class=\"wpb_wrapper\"><p>\u00bfOfrece su sitio web una experiencia \u00fanica al visitante? Esta deber\u00eda ser una preocupaci\u00f3n constante. M\u00e1s visitantes satisfechos significa visitantes que vuelven a su sitio y m\u00e1s visitantes que se convierten en clientes.<\/p>\n<p>El uso de datos para <strong>mejorar la experiencia del usuario<\/strong> est\u00e1 m\u00e1s presente que nunca. An\u00e1lisis de datos centrados en el usuario. Comprenda el comportamiento de los visitantes y tendr\u00e1 la fuerza necesaria para <strong>impulsar sus resultados<\/strong>.<\/p>\n<\/div><\/div><\/div><\/div><\/div><\/div><\/section><section class=\"l-section wpb_row height_medium\"><div class=\"l-section-h i-cf\"><div class=\"g-cols vc_row via_grid cols_3-2 laptops-cols_inherit tablets-cols_inherit mobiles-cols_1 valign_top type_default reversed stacking_default\"><div class=\"wpb_column vc_column_container\"><div class=\"vc_column-inner\"><h2 class=\"w-text\"><span class=\"w-text-h\"><span class=\"w-text-value\">Optimizaci\u00f3n de la conversi\u00f3n (CRO)<\/span><\/span><\/h2><div class=\"wpb_text_column subtitulo-paginas-conteudo\"><div class=\"wpb_wrapper\"><p>La optimizaci\u00f3n de la tasa de conversi\u00f3n (CRO) es el arte de <strong>aumentar los resultados de su negocio<\/strong> sin gastar m\u00e1s en publicidad ni aumentar el n\u00famero de visitantes de su sitio web.<\/p>\n<p>\u00bfC\u00f3mo es posible? Analizar, comprender, probar y aplicar soluciones que aumenten su tasa de conversi\u00f3n o su ticket medio. \u00bfC\u00f3mo se hace? A trav\u00e9s de datos y <strong>pensamiento estrat\u00e9gico centrado en su negocio<\/strong>.<\/p>\n<\/div><\/div><\/div><\/div><div class=\"wpb_column vc_column_container\"><div class=\"vc_column-inner\"><div class=\"w-image align_none\"><div class=\"w-image-h\"><img decoding=\"async\" width=\"677\" height=\"441\" src=\"https:\/\/dilmarames.com\/wp-content\/uploads\/2020\/05\/otimizacao-conversao-1-677x441.png\" class=\"attachment-large size-large\" alt=\"\" loading=\"lazy\" srcset=\"https:\/\/dilmarames.com\/wp-content\/uploads\/2020\/05\/otimizacao-conversao-1-677x441.png 677w, https:\/\/dilmarames.com\/wp-content\/uploads\/2020\/05\/otimizacao-conversao-1-300x195.png 300w, https:\/\/dilmarames.com\/wp-content\/uploads\/2020\/05\/otimizacao-conversao-1-840x547.png 840w, https:\/\/dilmarames.com\/wp-content\/uploads\/2020\/05\/otimizacao-conversao-1.png 861w\" sizes=\"auto, (max-width: 677px) 100vw, 677px\" \/><\/div><\/div><\/div><\/div><\/div><\/div><\/section><section class=\"l-section wpb_row intro-home height_large\"><div class=\"l-section-h i-cf\"><div class=\"g-cols vc_row via_grid cols_custom laptops-cols_inherit tablets-cols_inherit mobiles-cols_1 valign_bottom type_default stacking_default\" style=\"--custom-columns:1fr 4fr 1fr \"><div class=\"wpb_column vc_column_container\"><div class=\"vc_column-inner\"><\/div><\/div><div class=\"wpb_column vc_column_container\"><div class=\"vc_column-inner\"><div class=\"wpb_text_column us_custom_71dc6b44 has_text_color\"><div class=\"wpb_wrapper\"><p>\u00bfLe gustar\u00eda saber qu\u00e9 representan sus n\u00fameros?<\/p>\n<\/div><\/div><div class=\"w-btn-wrapper align_none\"><a class=\"w-btn us-btn-style_1 icon_atright\" href=\"https:\/\/dilmarames.mystagingwebsite.com\/es\/pongase-en-contacto-con\/\"><span class=\"w-btn-label\">Hablemos<\/span><i class=\"far fa-long-arrow-right\"><\/i><\/a><\/div><\/div><\/div><div class=\"wpb_column vc_column_container\"><div class=\"vc_column-inner\"><\/div><\/div><\/div><\/div><\/section><section class=\"l-section wpb_row height_small\"><div class=\"l-section-h i-cf\"><div class=\"g-cols vc_row via_grid cols_1 laptops-cols_inherit tablets-cols_inherit mobiles-cols_1 valign_middle type_default stacking_default\"><div class=\"wpb_column vc_column_container\"><div class=\"vc_column-inner\"><div class=\"w-html conteudo-post\"><span><span><a href=\"https:\/\/dilmarames.com\/es\/\">Home<\/a><\/span><\/span><\/div><\/div><\/div><\/div><\/div><\/section>\n","protected":false},"excerpt":{"rendered":"","protected":false},"author":3,"featured_media":0,"parent":0,"menu_order":5,"comment_status":"closed","ping_status":"closed","template":"","meta":{"footnotes":""},"class_list":["post-12613","page","type-page","status-publish","hentry"],"yoast_head":"<!-- This site is optimized with the Yoast SEO Premium plugin v25.1 (Yoast SEO v27.5) - https:\/\/yoast.com\/product\/yoast-seo-premium-wordpress\/ -->\n<title>Consultor\u00eda anal\u00edtica &#8226; Dilmar Ames%<\/title>\n<meta name=\"description\" content=\"Consultor\u00eda anal\u00edtica. An\u00e1lisis e interpretaci\u00f3n de los datos de navegaci\u00f3n de los visitantes de su sitio web. Comprenda c\u00f3mo se comportan los visitantes de su sitio web.\" \/>\n<meta name=\"robots\" content=\"index, follow, max-snippet:-1, max-image-preview:large, max-video-preview:-1\" \/>\n<link rel=\"canonical\" href=\"https:\/\/dilmarames.com\/es\/consultoria-analitica\/\" \/>\n<meta property=\"og:locale\" content=\"es_ES\" \/>\n<meta property=\"og:type\" content=\"article\" \/>\n<meta property=\"og:title\" content=\"Consultor\u00eda anal\u00edtica\" \/>\n<meta property=\"og:description\" content=\"Consultor\u00eda anal\u00edtica. An\u00e1lisis e interpretaci\u00f3n de los datos de navegaci\u00f3n de los visitantes de su sitio web. Comprenda c\u00f3mo se comportan los visitantes de su sitio web.\" \/>\n<meta property=\"og:url\" content=\"https:\/\/dilmarames.com\/es\/consultoria-analitica\/\" \/>\n<meta property=\"og:site_name\" content=\"Dilmar Ames\" \/>\n<meta property=\"article:modified_time\" content=\"2023-04-09T01:10:45+00:00\" \/>\n<meta property=\"og:image\" content=\"https:\/\/dilmarames.com\/wp-content\/uploads\/2020\/05\/compartilhamento-dilmar-ames.png\" \/>\n<meta name=\"twitter:card\" content=\"summary_large_image\" \/>\n<meta name=\"twitter:site\" content=\"@dilmarames\" \/>\n<meta name=\"twitter:label1\" content=\"Tiempo de lectura\" \/>\n\t<meta name=\"twitter:data1\" content=\"3 minutos\" \/>\n<script type=\"application\/ld+json\" class=\"yoast-schema-graph\">{\"@context\":\"https:\\\/\\\/schema.org\",\"@graph\":[{\"@type\":\"WebPage\",\"@id\":\"https:\\\/\\\/dilmarames.com\\\/es\\\/consultoria-analitica\\\/\",\"url\":\"https:\\\/\\\/dilmarames.com\\\/es\\\/consultoria-analitica\\\/\",\"name\":\"Consultor\u00eda anal\u00edtica &#8226; Dilmar Ames%\",\"isPartOf\":{\"@id\":\"https:\\\/\\\/dilmarames.com\\\/es\\\/#website\"},\"datePublished\":\"2019-08-26T20:17:39+00:00\",\"dateModified\":\"2023-04-09T01:10:45+00:00\",\"description\":\"Consultor\u00eda anal\u00edtica. An\u00e1lisis e interpretaci\u00f3n de los datos de navegaci\u00f3n de los visitantes de su sitio web. Comprenda c\u00f3mo se comportan los visitantes de su sitio web.\",\"breadcrumb\":{\"@id\":\"https:\\\/\\\/dilmarames.com\\\/es\\\/consultoria-analitica\\\/#breadcrumb\"},\"inLanguage\":\"es\",\"potentialAction\":[{\"@type\":\"ReadAction\",\"target\":[\"https:\\\/\\\/dilmarames.com\\\/es\\\/consultoria-analitica\\\/\"]}]},{\"@type\":\"BreadcrumbList\",\"@id\":\"https:\\\/\\\/dilmarames.com\\\/es\\\/consultoria-analitica\\\/#breadcrumb\",\"itemListElement\":[{\"@type\":\"ListItem\",\"position\":1,\"name\":\"Home\",\"item\":\"https:\\\/\\\/dilmarames.com\\\/es\\\/\"},{\"@type\":\"ListItem\",\"position\":2,\"name\":\"Consultor\u00eda anal\u00edtica\"}]},{\"@type\":\"WebSite\",\"@id\":\"https:\\\/\\\/dilmarames.com\\\/es\\\/#website\",\"url\":\"https:\\\/\\\/dilmarames.com\\\/es\\\/\",\"name\":\"Dilmar Ames\",\"description\":\"Consultoria de SEO &amp; Analytics\",\"publisher\":{\"@id\":\"https:\\\/\\\/dilmarames.com\\\/es\\\/#organization\"},\"potentialAction\":[{\"@type\":\"SearchAction\",\"target\":{\"@type\":\"EntryPoint\",\"urlTemplate\":\"https:\\\/\\\/dilmarames.com\\\/es\\\/?s={search_term_string}\"},\"query-input\":{\"@type\":\"PropertyValueSpecification\",\"valueRequired\":true,\"valueName\":\"search_term_string\"}}],\"inLanguage\":\"es\"},{\"@type\":\"Organization\",\"@id\":\"https:\\\/\\\/dilmarames.com\\\/es\\\/#organization\",\"name\":\"Dilmar Ames\",\"alternateName\":\"Ames Digital\",\"url\":\"https:\\\/\\\/dilmarames.com\\\/es\\\/\",\"logo\":{\"@type\":\"ImageObject\",\"inLanguage\":\"es\",\"@id\":\"https:\\\/\\\/dilmarames.com\\\/es\\\/#\\\/schema\\\/logo\\\/image\\\/\",\"url\":\"https:\\\/\\\/dilmarames.com\\\/wp-content\\\/uploads\\\/2020\\\/05\\\/cropped-logo-dilmar-ames-blue-183x41-1.png\",\"contentUrl\":\"https:\\\/\\\/dilmarames.com\\\/wp-content\\\/uploads\\\/2020\\\/05\\\/cropped-logo-dilmar-ames-blue-183x41-1.png\",\"width\":183,\"height\":41,\"caption\":\"Dilmar Ames\"},\"image\":{\"@id\":\"https:\\\/\\\/dilmarames.com\\\/es\\\/#\\\/schema\\\/logo\\\/image\\\/\"},\"sameAs\":[\"https:\\\/\\\/x.com\\\/dilmarames\",\"https:\\\/\\\/www.linkedin.com\\\/in\\\/DilmarAmes\\\/\"]}]}<\/script>\n<!-- \/ Yoast SEO Premium plugin. -->","yoast_head_json":{"title":"Consultor\u00eda anal\u00edtica &#8226; Dilmar Ames%","description":"Consultor\u00eda anal\u00edtica. An\u00e1lisis e interpretaci\u00f3n de los datos de navegaci\u00f3n de los visitantes de su sitio web. Comprenda c\u00f3mo se comportan los visitantes de su sitio web.","robots":{"index":"index","follow":"follow","max-snippet":"max-snippet:-1","max-image-preview":"max-image-preview:large","max-video-preview":"max-video-preview:-1"},"canonical":"https:\/\/dilmarames.com\/es\/consultoria-analitica\/","og_locale":"es_ES","og_type":"article","og_title":"Consultor\u00eda anal\u00edtica","og_description":"Consultor\u00eda anal\u00edtica. An\u00e1lisis e interpretaci\u00f3n de los datos de navegaci\u00f3n de los visitantes de su sitio web. Comprenda c\u00f3mo se comportan los visitantes de su sitio web.","og_url":"https:\/\/dilmarames.com\/es\/consultoria-analitica\/","og_site_name":"Dilmar Ames","article_modified_time":"2023-04-09T01:10:45+00:00","og_image":[{"url":"https:\/\/dilmarames.com\/wp-content\/uploads\/2020\/05\/compartilhamento-dilmar-ames.png","type":"","width":"","height":""}],"twitter_card":"summary_large_image","twitter_site":"@dilmarames","twitter_misc":{"Tiempo de lectura":"3 minutos"},"schema":{"@context":"https:\/\/schema.org","@graph":[{"@type":"WebPage","@id":"https:\/\/dilmarames.com\/es\/consultoria-analitica\/","url":"https:\/\/dilmarames.com\/es\/consultoria-analitica\/","name":"Consultor\u00eda anal\u00edtica &#8226; Dilmar Ames%","isPartOf":{"@id":"https:\/\/dilmarames.com\/es\/#website"},"datePublished":"2019-08-26T20:17:39+00:00","dateModified":"2023-04-09T01:10:45+00:00","description":"Consultor\u00eda anal\u00edtica. An\u00e1lisis e interpretaci\u00f3n de los datos de navegaci\u00f3n de los visitantes de su sitio web. Comprenda c\u00f3mo se comportan los visitantes de su sitio web.","breadcrumb":{"@id":"https:\/\/dilmarames.com\/es\/consultoria-analitica\/#breadcrumb"},"inLanguage":"es","potentialAction":[{"@type":"ReadAction","target":["https:\/\/dilmarames.com\/es\/consultoria-analitica\/"]}]},{"@type":"BreadcrumbList","@id":"https:\/\/dilmarames.com\/es\/consultoria-analitica\/#breadcrumb","itemListElement":[{"@type":"ListItem","position":1,"name":"Home","item":"https:\/\/dilmarames.com\/es\/"},{"@type":"ListItem","position":2,"name":"Consultor\u00eda anal\u00edtica"}]},{"@type":"WebSite","@id":"https:\/\/dilmarames.com\/es\/#website","url":"https:\/\/dilmarames.com\/es\/","name":"Dilmar Ames","description":"Consultoria de SEO &amp; Analytics","publisher":{"@id":"https:\/\/dilmarames.com\/es\/#organization"},"potentialAction":[{"@type":"SearchAction","target":{"@type":"EntryPoint","urlTemplate":"https:\/\/dilmarames.com\/es\/?s={search_term_string}"},"query-input":{"@type":"PropertyValueSpecification","valueRequired":true,"valueName":"search_term_string"}}],"inLanguage":"es"},{"@type":"Organization","@id":"https:\/\/dilmarames.com\/es\/#organization","name":"Dilmar Ames","alternateName":"Ames Digital","url":"https:\/\/dilmarames.com\/es\/","logo":{"@type":"ImageObject","inLanguage":"es","@id":"https:\/\/dilmarames.com\/es\/#\/schema\/logo\/image\/","url":"https:\/\/dilmarames.com\/wp-content\/uploads\/2020\/05\/cropped-logo-dilmar-ames-blue-183x41-1.png","contentUrl":"https:\/\/dilmarames.com\/wp-content\/uploads\/2020\/05\/cropped-logo-dilmar-ames-blue-183x41-1.png","width":183,"height":41,"caption":"Dilmar Ames"},"image":{"@id":"https:\/\/dilmarames.com\/es\/#\/schema\/logo\/image\/"},"sameAs":["https:\/\/x.com\/dilmarames","https:\/\/www.linkedin.com\/in\/DilmarAmes\/"]}]}},"jetpack_sharing_enabled":true,"_links":{"self":[{"href":"https:\/\/dilmarames.com\/es\/wp-json\/wp\/v2\/pages\/12613","targetHints":{"allow":["GET"]}}],"collection":[{"href":"https:\/\/dilmarames.com\/es\/wp-json\/wp\/v2\/pages"}],"about":[{"href":"https:\/\/dilmarames.com\/es\/wp-json\/wp\/v2\/types\/page"}],"author":[{"embeddable":true,"href":"https:\/\/dilmarames.com\/es\/wp-json\/wp\/v2\/users\/3"}],"replies":[{"embeddable":true,"href":"https:\/\/dilmarames.com\/es\/wp-json\/wp\/v2\/comments?post=12613"}],"version-history":[{"count":0,"href":"https:\/\/dilmarames.com\/es\/wp-json\/wp\/v2\/pages\/12613\/revisions"}],"wp:attachment":[{"href":"https:\/\/dilmarames.com\/es\/wp-json\/wp\/v2\/media?parent=12613"}],"curies":[{"name":"wp","href":"https:\/\/api.w.org\/{rel}","templated":true}]}}